{"id":60319,"date":"2025-04-11T11:23:47","date_gmt":"2025-04-11T09:23:47","guid":{"rendered":"https:\/\/cancristofol.org\/?page_id=60319"},"modified":"2025-04-14T20:04:37","modified_gmt":"2025-04-14T18:04:37","slug":"updates","status":"publish","type":"page","link":"https:\/\/cancristofol.org\/es\/updates\/","title":{"rendered":"Actualidad"},"content":{"rendered":"<div style=\"height:13px\" aria-hidden=\"true\" class=\"wp-block-spacer\"><\/div>\n\n\n\n<h2 class=\"wp-block-heading has-text-align-center\">\u00a1Bienvenidos a nuestra p\u00e1gina de actualidad!<\/h2>\n\n\n\n<p class=\"has-text-align-center\">En esta p\u00e1gina podr\u00e1s encontrar nuestras \u00faltimas noticias, publicaciones y actividades.<\/p>\n\n\n\n<div style=\"height:38px\" aria-hidden=\"true\" class=\"wp-block-spacer\"><\/div>\n\n\n\n<div class=\"wp-block-stackable-posts stk-block-posts stk-block stk-eccd2b8 alignwide is-style-list\" data-v=\"2\" data-block-id=\"eccd2b8\"><style>.stk-eccd2b8 {--stk-columns:1 !important;}.stk-eccd2b8 .stk-container-padding{width:80% !important;}.stk-eccd2b8-container .stk-block-posts__image-link{flex-basis:20% !important;}<\/style><div class=\"stk-inner-blocks stk-content-align stk-eccd2b8-column\"><div class=\"stk-block-posts__items\"><div class=\"stk-block-posts__item\"><div class=\"stk-container stk-eccd2b8-container stk--no-background stk--no-padding\"><a href=\"https:\/\/cancristofol.org\/es\/can-cristofol-our-vision\/\" class=\"stk-block-posts__image-link\"><figure class=\"stk-img-wrapper stk-image--shape-stretch\"><img width=\"960\" height=\"540\" loading=\"lazy\" decoding=\"async\" src=\"data:image\/svg+xml;base64,PHN2ZyB4bWxucz0iaHR0cDovL3d3dy53My5vcmcvMjAwMC9zdmciIHdpZHRoPSI5NjAiIGhlaWdodD0iNTQwIj48cmVjdCB3aWR0aD0iMTAwJSIgaGVpZ2h0PSIxMDAlIj48YW5pbWF0ZSBhdHRyaWJ1dGVOYW1lPSJmaWxsIiB2YWx1ZXM9InJnYmEoMTUzLDE1MywxNTMsMC41KTtyZ2JhKDE1MywxNTMsMTUzLDAuMSk7cmdiYSgxNTMsMTUzLDE1MywwLjUpIiBkdXI9IjJzIiByZXBlYXRDb3VudD0iaW5kZWZpbml0ZSIgLz48L3JlY3Q+PC9zdmc+\" class=\"attachment-full size-full wp-post-image wp-post-60319 wp-image-1104 wp-post-67309\" alt=\"\" data-public-id=\"CanCristofolIbiza_117\/CanCristofolIbiza_117.jpg\" data-format=\"jpg\" data-transformations=\"f_auto,q_auto\" data-version=\"1740993928\" data-seo=\"1\" data-responsive=\"1\" data-size=\"960 540\" data-delivery=\"upload\" onload=\";window.CLDBind?CLDBind(this):null;\" data-cloudinary=\"lazy\" \/><\/figure><\/a><article class=\"stk-container-padding\"><h3 class=\"stk-block-posts__title\"><a href='https:\/\/cancristofol.org\/es\/can-cristofol-our-vision\/'>Can Cristofol \u2013 Nuestra Visi\u00f3n<\/a><\/h3><div class=\"stk-block-posts__excerpt\"><p>En Can Crist\u00f2fol, la agricultura no se trata solo de cultivar cosechas, sino de vivir en relaci\u00f3n con la tierra y todo lo que ella incluye. Practicamos el cuidado de la vida que nos cuida, viendo el suelo no solo como un medio de producci\u00f3n, sino como un organismo vivo, profundamente conectado con lo que somos como seres humanos.<\/p>\n<\/div><a class=\"stk-block-posts__readmore\" href=\"https:\/\/cancristofol.org\/es\/can-cristofol-our-vision\/\">Seguir leyendo<\/a><\/article><\/div><\/div><div class=\"stk-block-posts__item\"><div class=\"stk-container stk-eccd2b8-container stk--no-background stk--no-padding\"><a href=\"https:\/\/cancristofol.org\/es\/the-name-of-this-place-is-can-cristofol\/\" class=\"stk-block-posts__image-link\"><figure class=\"stk-img-wrapper stk-image--shape-stretch\"><img width=\"960\" height=\"540\" loading=\"lazy\" decoding=\"async\" src=\"data:image\/svg+xml;base64,PHN2ZyB4bWxucz0iaHR0cDovL3d3dy53My5vcmcvMjAwMC9zdmciIHdpZHRoPSI5NjAiIGhlaWdodD0iNTQwIj48cmVjdCB3aWR0aD0iMTAwJSIgaGVpZ2h0PSIxMDAlIj48YW5pbWF0ZSBhdHRyaWJ1dGVOYW1lPSJmaWxsIiB2YWx1ZXM9InJnYmEoMTUzLDE1MywxNTMsMC41KTtyZ2JhKDE1MywxNTMsMTUzLDAuMSk7cmdiYSgxNTMsMTUzLDE1MywwLjUpIiBkdXI9IjJzIiByZXBlYXRDb3VudD0iaW5kZWZpbml0ZSIgLz48L3JlY3Q+PC9zdmc+\" class=\"attachment-full size-full wp-post-image wp-post-60319 wp-image-1083 wp-post-386\" alt=\"\" data-public-id=\"CanCristofolIbiza_096\/CanCristofolIbiza_096.jpg\" data-format=\"jpg\" data-transformations=\"f_auto,q_auto\" data-version=\"1740957264\" data-seo=\"1\" data-responsive=\"1\" data-size=\"960 540\" data-delivery=\"upload\" onload=\";window.CLDBind?CLDBind(this):null;\" data-cloudinary=\"lazy\" \/><\/figure><\/a><article class=\"stk-container-padding\"><h3 class=\"stk-block-posts__title\"><a href='https:\/\/cancristofol.org\/es\/the-name-of-this-place-is-can-cristofol\/'>Se llama Can Crist\u00f2fol.<\/a><\/h3><div class=\"stk-block-posts__excerpt\"><p>El nombre de este lugar es Can Crist\u00f2fol. Hace unos 50 a\u00f1os, caminando por el campo desde Santa Eulalia hasta el valle de Morna, disfrutando del canto de los p\u00e1jaros, el zumbido de los insectos y el coro de las cigarras, respirando los aromas del romero, la frigola y el embriagador perfume de los higueras y pinos, me encontr\u00e9 con un edificio verdaderamente extraordinario, perdido...<\/p>\n<\/div><a class=\"stk-block-posts__readmore\" href=\"https:\/\/cancristofol.org\/es\/the-name-of-this-place-is-can-cristofol\/\">Seguir leyendo<\/a><\/article><\/div><\/div><div class=\"stk-block-posts__item\"><div class=\"stk-container stk-eccd2b8-container stk--no-background stk--no-padding\"><a href=\"https:\/\/cancristofol.org\/es\/the-can-cristofol-promise\/\" class=\"stk-block-posts__image-link\"><figure class=\"stk-img-wrapper stk-image--shape-stretch\"><img width=\"960\" height=\"540\" loading=\"lazy\" decoding=\"async\" src=\"data:image\/svg+xml;base64,PHN2ZyB4bWxucz0iaHR0cDovL3d3dy53My5vcmcvMjAwMC9zdmciIHdpZHRoPSI5NjAiIGhlaWdodD0iNTQwIj48cmVjdCB3aWR0aD0iMTAwJSIgaGVpZ2h0PSIxMDAlIj48YW5pbWF0ZSBhdHRyaWJ1dGVOYW1lPSJmaWxsIiB2YWx1ZXM9InJnYmEoMTUzLDE1MywxNTMsMC41KTtyZ2JhKDE1MywxNTMsMTUzLDAuMSk7cmdiYSgxNTMsMTUzLDE1MywwLjUpIiBkdXI9IjJzIiByZXBlYXRDb3VudD0iaW5kZWZpbml0ZSIgLz48L3JlY3Q+PC9zdmc+\" class=\"attachment-full size-full wp-post-image wp-post-60319 wp-image-1036 wp-post-115\" alt=\"\" data-public-id=\"CanCristofolIbiza_050_103695f1f\/CanCristofolIbiza_050_103695f1f.jpg\" data-format=\"jpg\" data-transformations=\"f_auto,q_auto\" data-version=\"1740957553\" data-seo=\"1\" data-responsive=\"1\" data-size=\"960 540\" data-delivery=\"upload\" onload=\";window.CLDBind?CLDBind(this):null;\" data-cloudinary=\"lazy\" \/><\/figure><\/a><article class=\"stk-container-padding\"><h3 class=\"stk-block-posts__title\"><a href='https:\/\/cancristofol.org\/es\/the-can-cristofol-promise\/'>La Promesa de Can Crist\u00f2fol<\/a><\/h3><div class=\"stk-block-posts__excerpt\"><p>Lo que cultivamos, compartimos. Lo que compartimos, crece. En Can Crist\u00f2fol, nos comprometemos a una promesa viva: Ser una semilla de honestidad, resiliencia y cuidado genuino. Una que crece junto a nuestra tierra, nuestro patrimonio y nuestra comunidad. La Promesa de Can Crist\u00f2fol es nuestro firme compromiso de fomentar un entorno donde la naturaleza, la cultura y...<\/p>\n<\/div><a class=\"stk-block-posts__readmore\" href=\"https:\/\/cancristofol.org\/es\/the-can-cristofol-promise\/\">Seguir leyendo<\/a><\/article><\/div><\/div><\/div><div class=\"stk-inner-blocks\"><\/div><\/div><\/div>\n\n\n\n<div class=\"tagembed-widget\" style=\"width:100%;height:100%\" data-widget-id=\"2158636\" data-tags=\"false\"  view-url=\"https:\/\/widget.tagembed.com\/2158636\"><\/div><script src=\"https:\/\/widget.tagembed.com\/embed.min.js\" type=\"text\/javascript\"><\/script>\n\n\n\n<div class=\"tagembed-widget\" style=\"width:100%;height:100%\" data-widget-id=\"2158638\" data-tags=\"false\"  view-url=\"https:\/\/widget.tagembed.com\/2158638\"><\/div><script src=\"https:\/\/widget.tagembed.com\/embed.min.js\" type=\"text\/javascript\"><\/script>","protected":false},"excerpt":{"rendered":"<p>Welcome to our news page! Here you can find news and updates regarding our recent and forthcoming activities Can Cristofol &#8211; Our Vision At Can Crist\u00f2fol, farming is not just [&hellip;]<\/p>\n","protected":false},"author":1,"featured_media":40443,"parent":0,"menu_order":0,"comment_status":"closed","ping_status":"closed","template":"","meta":{"give_campaign_id":0,"_price":"","_stock":"","_tribe_ticket_header":"","_tribe_default_ticket_provider":"","_tribe_ticket_capacity":"0","_ticket_start_date":"","_ticket_end_date":"","_tribe_ticket_show_description":"","_tribe_ticket_show_not_going":false,"_tribe_ticket_use_global_stock":"","_tribe_ticket_global_stock_level":"","_global_stock_mode":"","_global_stock_cap":"","_tribe_rsvp_for_event":"","_tribe_ticket_going_count":"","_tribe_ticket_not_going_count":"","_tribe_tickets_list":"[]","_tribe_ticket_has_attendee_info_fields":false,"_EventAllDay":false,"_EventTimezone":"","_EventStartDate":"","_EventEndDate":"","_EventStartDateUTC":"","_EventEndDateUTC":"","_EventShowMap":false,"_EventShowMapLink":false,"_EventURL":"","_EventCost":"","_EventCostDescription":"","_EventCurrencySymbol":"","_EventCurrencyCode":"","_EventCurrencyPosition":"","_EventDateTimeSeparator":"","_EventTimeRangeSeparator":"","_EventOrganizerID":[],"_EventVenueID":[],"_OrganizerEmail":"","_OrganizerPhone":"","_OrganizerWebsite":"","_VenueAddress":"","_VenueCity":"","_VenueCountry":"","_VenueProvince":"","_VenueState":"","_VenueZip":"","_VenuePhone":"","_VenueURL":"","_VenueStateProvince":"","_VenueLat":"","_VenueLng":"","_VenueShowMap":false,"_VenueShowMapLink":false,"_cloudinary_featured_overwrite":false,"footnotes":"","_tec_slr_enabled":"","_tec_slr_layout":""},"class_list":["post-60319","page","type-page","status-publish","has-post-thumbnail","hentry"],"blocksy_meta":[],"campaignId":"","ticketed":false,"_links":{"self":[{"href":"https:\/\/cancristofol.org\/es\/wp-json\/wp\/v2\/pages\/60319","targetHints":{"allow":["GET"]}}],"collection":[{"href":"https:\/\/cancristofol.org\/es\/wp-json\/wp\/v2\/pages"}],"about":[{"href":"https:\/\/cancristofol.org\/es\/wp-json\/wp\/v2\/types\/page"}],"author":[{"embeddable":true,"href":"https:\/\/cancristofol.org\/es\/wp-json\/wp\/v2\/users\/1"}],"replies":[{"embeddable":true,"href":"https:\/\/cancristofol.org\/es\/wp-json\/wp\/v2\/comments?post=60319"}],"version-history":[{"count":11,"href":"https:\/\/cancristofol.org\/es\/wp-json\/wp\/v2\/pages\/60319\/revisions"}],"predecessor-version":[{"id":67741,"href":"https:\/\/cancristofol.org\/es\/wp-json\/wp\/v2\/pages\/60319\/revisions\/67741"}],"wp:featuredmedia":[{"embeddable":true,"href":"https:\/\/cancristofol.org\/es\/wp-json\/wp\/v2\/media\/40443"}],"wp:attachment":[{"href":"https:\/\/cancristofol.org\/es\/wp-json\/wp\/v2\/media?parent=60319"}],"curies":[{"name":"wp","href":"https:\/\/api.w.org\/{rel}","templated":true}]}}