{"id":2086,"date":"2022-02-20T08:28:45","date_gmt":"2022-02-20T08:28:45","guid":{"rendered":"https:\/\/cancristofol.org\/?page_id=2086"},"modified":"2025-04-14T19:38:30","modified_gmt":"2025-04-14T17:38:30","slug":"farm","status":"publish","type":"page","link":"https:\/\/cancristofol.org\/es\/farm\/","title":{"rendered":"Granja"},"content":{"rendered":"<div class=\"wp-block-stackable-spacer stk-block-spacer stk--no-padding stk-block stk-6090630\" data-block-id=\"6090630\"><style>.stk-6090630 {height:29px !important;}@media screen and (max-width:999px){.stk-6090630 {height:80px !important;}}<\/style><\/div>\n\n\n\n<div class=\"wp-block-stackable-columns stk-block-columns stk-block stk-769ee8d\" data-block-id=\"769ee8d\"><div class=\"stk-row stk-inner-blocks stk-block-content stk-content-align stk-769ee8d-column\">\n<div class=\"wp-block-stackable-column stk-block-column stk-column stk-block stk-6e895d2\" data-v=\"4\" data-block-id=\"6e895d2\"><div class=\"stk-column-wrapper stk-block-column__content stk-container stk-6e895d2-container stk--no-background stk--no-padding\"><div class=\"stk-block-content stk-inner-blocks stk-6e895d2-inner-blocks\">\n<div class=\"wp-block-stackable-heading stk-block-heading stk-block-heading--v2 stk-block stk-c1d466a\" id=\"farming-at-can-cristofol-living-with-the-land\" data-block-id=\"c1d466a\"><h2 class=\"stk-block-heading__text has-text-align-center\">Agricultura en Can Cristofol: Viviendo con la Tierra<\/h2><\/div>\n\n\n\n<p class=\"has-text-align-center\">La agricultura regenerativa es un enfoque hol\u00edstico que revitaliza tanto la tierra como las comunidades que dependen de ella. Mejora la salud del suelo, restaura los ecosistemas naturales y aumenta la biodiversidad, al mismo tiempo que fomenta las conexiones culturales, la participaci\u00f3n comunitaria y los valores compartidos. Al alinear las pr\u00e1cticas agr\u00edcolas con los procesos naturales e incorporar la gesti\u00f3n cultural, crea sistemas que sostienen la vida, son productivos, resilientes y nutritivos para el esp\u00edritu humano.<\/p>\n<\/div><\/div><\/div>\n<\/div><\/div>\n\n\n\n<div class=\"wp-block-stackable-columns alignfull stk-block-columns stk-block stk-aa12724 stk-block-background stk--has-background-overlay\" data-block-id=\"aa12724\"><style>.stk-aa12724 {background-image:url(https:\/\/res.cloudinary.com\/dd345nnhg\/images\/f_auto,q_auto\/v1740944756\/CanCristofolIbiza_Produce_006\/CanCristofolIbiza_Produce_006.jpg?_i=AA) !important;background-attachment:fixed !important;margin-bottom:0px !important;}<\/style><div class=\"stk-row stk-inner-blocks has-text-align-center stk-block-content stk-content-align stk-aa12724-column alignwide\">\n<div class=\"wp-block-stackable-column stk-block-column stk-column stk-block stk-66d0658\" data-v=\"4\" data-block-id=\"66d0658\"><div class=\"stk-column-wrapper stk-block-column__content stk-container stk-66d0658-container stk--no-background stk--no-padding\"><div class=\"stk-block-content stk-inner-blocks stk-66d0658-inner-blocks\">\n<div class=\"custom-card\" style=\"background-color: rgba(0, 0, 0, 0.5); padding: 20px; border-radius: 10px; max-width: 400px; margin: 0 auto; text-align: center;\">\n    <h3 style=\"color: white; font-family: inherit; font-size: 1.5em; margin: 0 0 10px 0;\">Nutriendo el Suelo<\/h3>\n    <p style=\"color: white; font-family: inherit; font-size: 1em; margin: 0;\">Nuestro enfoque principal est\u00e1 en mejorar la vida y la estructura del suelo. Un suelo saludable es la base para un crecimiento sostenible.<\/p>\n<\/div>\n\n<\/div><\/div><\/div>\n\n\n\n<div class=\"wp-block-stackable-column stk-block-column stk-column stk-block stk-e50429e\" data-v=\"4\" data-block-id=\"e50429e\"><div class=\"stk-column-wrapper stk-block-column__content stk-container stk-e50429e-container stk--no-background stk--no-padding\"><div class=\"stk-block-content stk-inner-blocks stk-e50429e-inner-blocks\">\n<div class=\"custom-card\" style=\"background-color: rgba(0, 0, 0, 0.5); padding: 20px; border-radius: 10px; max-width: 400px; margin: 0 auto; text-align: center;\">\n    <h3 style=\"color: white; font-family: inherit; font-size: 1.5em; margin: 0 0 10px 0;\">Co-Creaci\u00f3n con la Naturaleza<\/h3>\n    <p style=\"color: white; font-family: inherit; font-size: 1em; margin: 0;\">Seguimos los ritmos de la naturaleza, trabajando con sus movimientos en lugar de imponer nuestra voluntad sobre ella.<\/p>\n<\/div>\n\n<\/div><\/div><\/div>\n\n\n\n<div class=\"wp-block-stackable-column stk-block-column stk-column stk-block stk-cd0dae2\" data-v=\"4\" data-block-id=\"cd0dae2\"><div class=\"stk-column-wrapper stk-block-column__content stk-container stk-cd0dae2-container stk--no-background stk--no-padding\"><div class=\"stk-block-content stk-inner-blocks stk-cd0dae2-inner-blocks\">\n<div class=\"custom-card\" style=\"background-color: rgba(0, 0, 0, 0.5); padding: 20px; border-radius: 10px; max-width: 400px; margin: 0 auto; text-align: center;\">\n    <h3 style=\"color: white; font-family: inherit; font-size: 1.5em; margin: 0 0 10px 0;\">Orientaci\u00f3n Sostenible<\/h3>\n    <p style=\"color: white; font-family: inherit; font-size: 1em; margin: 0;\">La naturaleza gu\u00eda nuestro proceso, asegurando una armon\u00eda ambiental a largo plazo.<\/p>\n<\/div>\n\n<\/div><\/div><\/div>\n<\/div><\/div>\n\n\n\n<div class=\"wp-block-stackable-columns alignfull stk-block-columns stk-block stk-3a5f3b9 stk-block-background stk--has-background-overlay\" data-block-id=\"3a5f3b9\"><style>.stk-3a5f3b9 {background-image:url(https:\/\/res.cloudinary.com\/dd345nnhg\/images\/f_auto,q_auto\/v1740944756\/CanCristofolIbiza_Produce_006\/CanCristofolIbiza_Produce_006.jpg?_i=AA) !important;background-attachment:fixed !important;margin-bottom:38px !important;}<\/style><div class=\"stk-row stk-inner-blocks has-text-align-center stk-block-content stk-content-align stk-3a5f3b9-column alignwide\">\n<div class=\"wp-block-stackable-column stk-block-column stk-column stk-block stk-25cbbdb\" data-v=\"4\" data-block-id=\"25cbbdb\"><div class=\"stk-column-wrapper stk-block-column__content stk-container stk-25cbbdb-container stk--no-background stk--no-padding\"><div class=\"stk-block-content stk-inner-blocks stk-25cbbdb-inner-blocks\">\n<div class=\"custom-card\" style=\"background-color: rgba(0, 0, 0, 0.5); padding: 20px; border-radius: 10px; max-width: 400px; margin: 0 auto; text-align: center;\">\n    <h3 style=\"color: white; font-family: inherit; font-size: 1.5em; margin: 0 0 10px 0;\">Humildad en Pr\u00e1ctica<\/h3>\n    <p style=\"color: white; font-family: inherit; font-size: 1em; margin: 0;\">La agricultura no se trata de imponer nuestra voluntad. No existimos en aislamiento, sino que aprendemos de la tierra. Al trabajar con la naturaleza en lugar de contra ella, descubrimos la armon\u00eda de la co-creaci\u00f3n.<\/p>\n<\/div>\n<\/div><\/div><\/div>\n\n\n\n<div class=\"wp-block-stackable-column stk-block-column stk-column stk-block stk-2889b2a\" data-v=\"4\" data-block-id=\"2889b2a\"><div class=\"stk-column-wrapper stk-block-column__content stk-container stk-2889b2a-container stk--no-background stk--no-padding\"><div class=\"stk-block-content stk-inner-blocks stk-2889b2a-inner-blocks\">\n<div class=\"custom-card\" style=\"background-color: rgba(0, 0, 0, 0.5); padding: 20px; border-radius: 10px; max-width: 400px; margin: 0 auto; text-align: center;\">\n    <h3 style=\"color: white; font-family: inherit; font-size: 1.5em; margin: 0 0 10px 0;\">Relaci\u00f3n Rec\u00edproca<\/h3>\n    <p style=\"color: white; font-family: inherit; font-size: 1em; margin: 0;\">La agricultura es una relaci\u00f3n rec\u00edproca. Mientras trabajamos la tierra, la tierra trabaja con nosotros, moldeando nuestras pr\u00e1cticas a trav\u00e9s de su contexto ecol\u00f3gico, social y espiritual \u00fanico. Cada lugar cuenta su propia historia.<\/p>\n<\/div>\n<\/div><\/div><\/div>\n\n\n\n<div class=\"wp-block-stackable-column stk-block-column stk-column stk-block stk-2a64590\" data-v=\"4\" data-block-id=\"2a64590\"><div class=\"stk-column-wrapper stk-block-column__content stk-container stk-2a64590-container stk--no-background stk--no-padding\"><div class=\"stk-block-content stk-inner-blocks stk-2a64590-inner-blocks\">\n<div class=\"custom-card\" style=\"background-color: rgba(0, 0, 0, 0.5); padding: 20px; border-radius: 10px; max-width: 400px; margin: 0 auto; text-align: center;\">\n    <h3 style=\"color: white; font-family: inherit; font-size: 1.5em; margin: 0 0 10px 0;\">Cuidado Profundo<\/h3>\n    <p style=\"color: white; font-family: inherit; font-size: 1em; margin: 0;\">La verdadera agricultura radica en el cuidado profundo. Plantar es f\u00e1cil, pero nutrir con paciencia y respeto desbloquea la incre\u00edble capacidad de la naturaleza para proveer de maneras que nunca imaginamos.<\/p>\n<\/div>\n<\/div><\/div><\/div>\n<\/div><\/div>\n\n\n\n<div class=\"wp-block-stackable-columns stk-block-columns stk-block stk-be5d80f\" data-block-id=\"be5d80f\"><style>.stk-be5d80f {margin-bottom:10px !important;}<\/style><div class=\"stk-row stk-inner-blocks stk-block-content stk-content-align stk-be5d80f-column\">\n<div class=\"wp-block-stackable-column stk-block-column stk-column stk-block stk-6560874\" data-v=\"4\" data-block-id=\"6560874\"><div class=\"stk-column-wrapper stk-block-column__content stk-container stk-6560874-container stk--no-background stk--no-padding\"><div class=\"stk-block-content stk-inner-blocks stk-6560874-inner-blocks\"><\/div><\/div><\/div>\n<\/div><\/div>\n\n\n\n<div class=\"wp-block-stackable-columns alignfull stk-block-columns stk-block stk-5b14432\" data-block-id=\"5b14432\"><style>.stk-5b14432 {margin-bottom:0px !important;}<\/style><div class=\"stk-row stk-inner-blocks has-text-align-left stk-block-content stk-content-align stk-5b14432-column alignfull\">\n<div class=\"wp-block-stackable-column stk-block-column stk-column stk-block stk-f7fa306\" data-v=\"4\" data-block-id=\"f7fa306\"><div class=\"stk-column-wrapper stk-block-column__content stk-container stk-f7fa306-container stk--no-background stk--no-padding\"><div class=\"stk-block-content stk-inner-blocks stk-f7fa306-inner-blocks\">\n<div class=\"wp-block-stackable-columns alignfull stk-block-columns stk-block stk-51483c5 stk-block-background stk--has-background-overlay\" data-block-id=\"51483c5\"><style>.stk-51483c5 .stk--block-align-51483c5{align-items:center !important;}.stk-51483c5 {background-color:#000000 !important;background-image:url(https:\/\/res.cloudinary.com\/dd345nnhg\/images\/f_auto,q_auto\/v1740944921\/CanCristofolIbiza_087\/CanCristofolIbiza_087.jpg?_i=AA) !important;background-attachment:fixed !important;padding-top:150px !important;padding-bottom:150px !important;margin-bottom:0px !important;}.stk-51483c5:before{background-color:#000000 !important;opacity:0.2 !important;}.stk-51483c5-column{--stk-column-gap:35px !important;}@media screen and (max-width:999px){.stk-51483c5 {padding-top:100px !important;padding-bottom:100px !important;}}<\/style><div class=\"stk-row stk-inner-blocks stk--block-align-51483c5 stk-block-content stk-content-align stk-51483c5-column\">\n<div class=\"wp-block-stackable-column stk-block-column stk-column stk-block stk-6cfc4a8\" data-v=\"4\" data-block-id=\"6cfc4a8\"><style>.stk-6cfc4a8-container{margin-top:0px !important;margin-right:0px !important;margin-bottom:0px !important;margin-left:0px !important;}@media screen and (min-width:690px) and (max-width:999px){.stk-6cfc4a8 {flex:var(--stk-flex-grow, 1) 1 calc(100% - var(--stk-column-gap, 0px) * 0 \/ 1 ) !important;}}<\/style><div class=\"stk-column-wrapper stk-block-column__content stk-container stk-6cfc4a8-container stk--no-background stk--no-padding\"><div class=\"stk-block-content stk-inner-blocks stk-6cfc4a8-inner-blocks\">\n<div class=\"wp-block-stackable-text stk-block-text stk-block stk-488d65e\" data-block-id=\"488d65e\"><style>.stk-488d65e {margin-bottom:10px !important;}.stk-488d65e .stk-block-text__text{font-size:40px !important;color:var(--theme-palette-color-5, #edeff2) !important;font-weight:bold !important;font-family:\"Aboreto\", Sans-serif !important;}@media screen and (max-width:999px){.stk-488d65e .stk-block-text__text{font-size:40px !important;}}<\/style><p class=\"stk-block-text__text has-text-color has-palette-color-5-color has-text-align-center-mobile\">Participa<\/p><\/div>\n\n\n\n<div class=\"wp-block-stackable-divider stk-block-divider stk--hide-mobile has-text-align-left stk-block stk-dcead3d is-style-bar\" data-block-id=\"dcead3d\"><style>.stk-dcead3d hr.stk-block-divider__hr{background:var(--theme-palette-color-1, #ffcd05) !important;border-radius:calc(4px \/ 2) !important;height:4px !important;width:17% !important;}.stk-dcead3d {margin-bottom:15px !important;}<\/style><hr class=\"stk-block-divider__hr\"\/><\/div>\n\n\n\n<div class=\"wp-block-stackable-heading stk-block-heading stk-block-heading--v2 stk-block stk-954caba\" id=\"what-we-share-grows-br-what-we-grow-we-share\" data-block-id=\"954caba\"><style>.stk-954caba {margin-bottom:20px !important;}.stk-954caba .stk-block-heading__text{font-size:30px !important;color:var(--theme-palette-color-8, #ffffff) !important;line-height:1.2em !important;}@media screen and (max-width:999px){.stk-954caba .stk-block-heading__text{font-size:40px !important;}}<\/style><h3 class=\"stk-block-heading__text has-text-color has-palette-color-8-color has-text-align-center-mobile\">Lo que compartimos, crece. <br>Lo que cultivamos, compartimos.<\/h3><\/div>\n\n\n\n<div class=\"wp-block-stackable-text stk-block-text stk-block stk-35e8da2\" data-block-id=\"35e8da2\"><style>.stk-35e8da2 {margin-bottom:40px !important;}.stk-35e8da2 .stk-block-text__text{color:var(--theme-palette-color-5, #edeff2) !important;}<\/style><p class=\"stk-block-text__text has-text-color has-palette-color-5-color has-text-align-center-mobile\">Descubre oportunidades de colaboraci\u00f3n.<\/p><\/div>\n\n\n\n<div class=\"wp-block-stackable-button-group stk-block-button-group stk-block stk-2fdae91\" data-block-id=\"2fdae91\"><div class=\"stk-row stk-inner-blocks has-text-align-center-mobile stk-block-content stk-button-group\">\n<div class=\"wp-block-stackable-button stk-block-button stk-block stk-273f1be\" data-block-id=\"273f1be\"><style>.stk-273f1be .stk-button{padding-top:12px !important;padding-right:30px !important;padding-bottom:12px !important;padding-left:30px !important;background:var(--theme-palette-color-2, #f7b500) !important;border-top-left-radius:3px !important;border-top-right-radius:3px !important;border-bottom-right-radius:3px !important;border-bottom-left-radius:3px !important;}.stk-273f1be .stk-button__inner-text{font-size:1.15em !important;color:var(--theme-palette-color-7, #FDFDFD) !important;}@media screen and (max-width:999px){.stk-273f1be .stk-button__inner-text{font-size:1.15em !important;}}<\/style><a class=\"stk-link stk-button stk--hover-effect-darken\" href=\"https:\/\/cancristofol.org\/es\/volunteer\/\"><span class=\"has-text-color has-palette-color-4-color stk-button__inner-text\">M\u00e1s info<\/span><\/a><\/div>\n<\/div><\/div>\n<\/div><\/div><\/div>\n\n\n\n<div class=\"wp-block-stackable-column stk-block-column stk-column stk-block stk-54ec8b1\" data-v=\"4\" data-block-id=\"54ec8b1\"><style>.stk-54ec8b1-container{margin-top:0px !important;margin-right:0px !important;margin-bottom:0px !important;margin-left:0px !important;}@media screen and (min-width:690px) and (max-width:999px){.stk-54ec8b1 {flex:var(--stk-flex-grow, 1) 1 calc(50% - var(--stk-column-gap, 0px) * 0 \/ 1 ) !important;}}<\/style><div class=\"stk-column-wrapper stk-block-column__content stk-container stk-54ec8b1-container stk--no-background stk--no-padding\"><div class=\"stk-block-content stk-inner-blocks stk-54ec8b1-inner-blocks\"><\/div><\/div><\/div>\n<\/div><\/div>\n<\/div><\/div><\/div>\n<\/div><\/div>\n\n\n\n<p><\/p>","protected":false},"excerpt":{"rendered":"<p>Farming at Can Cristofol: Living with the Land Regenerative farming is a holistic approach that revitalizes both the land and the communities that depend on it. It enhances soil health, [&hellip;]<\/p>\n","protected":false},"author":1,"featured_media":40450,"parent":0,"menu_order":0,"comment_status":"closed","ping_status":"closed","template":"","meta":{"give_campaign_id":0,"_price":"","_stock":"","_tribe_ticket_header":"","_tribe_default_ticket_provider":"","_tribe_ticket_capacity":"0","_ticket_start_date":"","_ticket_end_date":"","_tribe_ticket_show_description":"","_tribe_ticket_show_not_going":false,"_tribe_ticket_use_global_stock":"","_tribe_ticket_global_stock_level":"","_global_stock_mode":"","_global_stock_cap":"","_tribe_rsvp_for_event":"","_tribe_ticket_going_count":"","_tribe_ticket_not_going_count":"","_tribe_tickets_list":"[]","_tribe_ticket_has_attendee_info_fields":false,"_EventAllDay":false,"_EventTimezone":"","_EventStartDate":"","_EventEndDate":"","_EventStartDateUTC":"","_EventEndDateUTC":"","_EventShowMap":false,"_EventShowMapLink":false,"_EventURL":"","_EventCost":"","_EventCostDescription":"","_EventCurrencySymbol":"","_EventCurrencyCode":"","_EventCurrencyPosition":"","_EventDateTimeSeparator":"","_EventTimeRangeSeparator":"","_EventOrganizerID":[],"_EventVenueID":[],"_OrganizerEmail":"","_OrganizerPhone":"","_OrganizerWebsite":"","_VenueAddress":"","_VenueCity":"","_VenueCountry":"","_VenueProvince":"","_VenueState":"","_VenueZip":"","_VenuePhone":"","_VenueURL":"","_VenueStateProvince":"","_VenueLat":"","_VenueLng":"","_VenueShowMap":false,"_VenueShowMapLink":false,"_cloudinary_featured_overwrite":false,"footnotes":"","_tec_slr_enabled":"","_tec_slr_layout":""},"class_list":["post-2086","page","type-page","status-publish","has-post-thumbnail","hentry"],"blocksy_meta":{"styles_descriptor":{"styles":{"desktop":"","tablet":"","mobile":""},"google_fonts":[],"version":6}},"campaignId":"","ticketed":false,"_links":{"self":[{"href":"https:\/\/cancristofol.org\/es\/wp-json\/wp\/v2\/pages\/2086","targetHints":{"allow":["GET"]}}],"collection":[{"href":"https:\/\/cancristofol.org\/es\/wp-json\/wp\/v2\/pages"}],"about":[{"href":"https:\/\/cancristofol.org\/es\/wp-json\/wp\/v2\/types\/page"}],"author":[{"embeddable":true,"href":"https:\/\/cancristofol.org\/es\/wp-json\/wp\/v2\/users\/1"}],"replies":[{"embeddable":true,"href":"https:\/\/cancristofol.org\/es\/wp-json\/wp\/v2\/comments?post=2086"}],"version-history":[{"count":51,"href":"https:\/\/cancristofol.org\/es\/wp-json\/wp\/v2\/pages\/2086\/revisions"}],"predecessor-version":[{"id":67591,"href":"https:\/\/cancristofol.org\/es\/wp-json\/wp\/v2\/pages\/2086\/revisions\/67591"}],"wp:featuredmedia":[{"embeddable":true,"href":"https:\/\/cancristofol.org\/es\/wp-json\/wp\/v2\/media\/40450"}],"wp:attachment":[{"href":"https:\/\/cancristofol.org\/es\/wp-json\/wp\/v2\/media?parent=2086"}],"curies":[{"name":"wp","href":"https:\/\/api.w.org\/{rel}","templated":true}]}}