{"id":1297,"date":"2022-02-20T08:28:45","date_gmt":"2022-02-20T08:28:45","guid":{"rendered":"https:\/\/cancristofol.org\/?page_id=1297"},"modified":"2025-04-21T10:35:16","modified_gmt":"2025-04-21T08:35:16","slug":"shop","status":"publish","type":"page","link":"https:\/\/cancristofol.org\/es\/shop\/","title":{"rendered":"Tienda"},"content":{"rendered":"<div class=\"wp-block-stackable-spacer stk-block-spacer stk--no-padding stk-block stk-6090630\" data-block-id=\"6090630\"><style>.stk-6090630 {height:29px !important;}@media screen and (max-width:999px){.stk-6090630 {height:80px !important;}}<\/style><\/div>\n\n\n\n<div class=\"wp-block-stackable-columns stk-block-columns stk-block stk-769ee8d\" data-block-id=\"769ee8d\"><style>.stk-769ee8d {margin-bottom:40px !important;}<\/style><div class=\"stk-row stk-inner-blocks stk-block-content stk-content-align stk-769ee8d-column\">\n<div class=\"wp-block-stackable-column stk-block-column stk-column stk-block stk-6e895d2\" data-v=\"4\" data-block-id=\"6e895d2\"><div class=\"stk-column-wrapper stk-block-column__content stk-container stk-6e895d2-container stk--no-background stk--no-padding\"><div class=\"stk-block-content stk-inner-blocks stk-6e895d2-inner-blocks\">\n<div class=\"wp-block-stackable-columns alignwide stk-block-columns stk-block stk-d20f125\" data-block-id=\"d20f125\"><div class=\"stk-row stk-inner-blocks stk-block-content stk-content-align stk-d20f125-column alignwide\">\n<div class=\"wp-block-stackable-column stk-block-column stk-column stk-block stk-93677b7\" data-v=\"4\" data-block-id=\"93677b7\"><div class=\"stk-column-wrapper stk-block-column__content stk-container stk-93677b7-container stk--no-background stk--no-padding\"><div class=\"stk-block-content stk-inner-blocks stk-93677b7-inner-blocks\">\n<div class=\"wp-block-stackable-columns stk-block-columns stk-block stk-0aec262\" data-block-id=\"0aec262\"><style>.stk-0aec262-column{--stk-column-gap:48px !important;}<\/style><div class=\"stk-row stk-inner-blocks stk-block-content stk-content-align stk-0aec262-column\">\n<div class=\"wp-block-stackable-column stk-block-column stk-column stk-block stk-a8d919d\" data-v=\"4\" data-block-id=\"a8d919d\"><div class=\"stk-column-wrapper stk-block-column__content stk-container stk-a8d919d-container stk--no-background stk--no-padding\"><div class=\"stk-block-content stk-inner-blocks stk-a8d919d-inner-blocks\">\n<div class=\"wp-block-stackable-text stk-block-text stk-block stk-5e53d99\" data-block-id=\"5e53d99\"><style>.stk-5e53d99 {margin-bottom:45px !important;}<\/style><p class=\"stk-block-text__text has-text-align-center\">En nuestra tienda traemos lo mejor de la naturaleza directamente a tu mesa, ofreciendo productos org\u00e1nicos de temporada que se cultivan con cuidado tanto para el medio ambiente como tu bienestar. Ya sea que seas un cocinero en casa buscando ingredientes frescos y sabrosos, o un restaurante que busca servir platos de origen sostenible, nuestros productos marcan la diferencia. Al elegir nuestra granja, est\u00e1s apoyando pr\u00e1cticas agr\u00edcolas locales y conscientes que priorizan tu salud y la del planeta. Disfruta de los beneficios de frutas y verduras nutritivas, hierbas arom\u00e1ticas y flores, recolectadas a mano aqu\u00ed mismo.<\/p><\/div>\n\n\n\n<div class=\"wp-block-stackable-feature-grid alignwide stk-block-feature-grid stk-block-columns stk-block stk-daabf7c is-style-default\" data-block-id=\"daabf7c\"><div class=\"stk-row stk-inner-blocks has-text-align-center stk-block-content stk-content-align stk-daabf7c-column alignwide\">\n<div class=\"wp-block-stackable-column stk-block-column stk-column stk-block stk-d5ae6da\" data-v=\"4\" data-block-id=\"d5ae6da\"><div class=\"stk-column-wrapper stk-block-column__content stk-container stk-d5ae6da-container stk-hover-parent\"><div class=\"stk-block-content stk-inner-blocks stk-d5ae6da-inner-blocks\">\n<div class=\"wp-block-stackable-image stk-block-image stk-block stk-9c8499a\" data-block-id=\"9c8499a\"><style>.stk-9c8499a .stk-img-wrapper{height:250px !important;}.stk-9c8499a .stk-img-wrapper img{border-radius:20px !important;}<\/style><figure><span class=\"stk-img-wrapper stk-image--shape-stretch\"><img width=\"960\" height=\"540\" data-public-id=\"CanCristofolIbiza_Shop_032\/CanCristofolIbiza_Shop_032.jpg\" loading=\"lazy\" decoding=\"async\" class=\"stk-img wp-post-1297 wp-image-67208\" src=\"https:\/\/res.cloudinary.com\/dd345nnhg\/images\/w_960,h_540,c_scale\/f_auto,q_auto\/v1744632314\/CanCristofolIbiza_Shop_032\/CanCristofolIbiza_Shop_032.jpg?_i=AA\" data-format=\"jpg\" data-transformations=\"f_auto,q_auto\" data-version=\"1744632314\" data-seo=\"1\" data-responsive=\"1\" srcset=\"https:\/\/res.cloudinary.com\/dd345nnhg\/images\/w_960,h_540,c_scale\/f_auto,q_auto\/v1744632314\/CanCristofolIbiza_Shop_032\/CanCristofolIbiza_Shop_032.jpg?_i=AA 960w, https:\/\/res.cloudinary.com\/dd345nnhg\/images\/w_848,h_477,c_scale\/f_auto,q_auto\/v1744632314\/CanCristofolIbiza_Shop_032\/CanCristofolIbiza_Shop_032.jpg?_i=AA 848w, https:\/\/res.cloudinary.com\/dd345nnhg\/images\/w_648,h_364,c_scale\/f_auto,q_auto\/v1744632314\/CanCristofolIbiza_Shop_032\/CanCristofolIbiza_Shop_032.jpg?_i=AA 648w, https:\/\/res.cloudinary.com\/dd345nnhg\/images\/w_448,h_252,c_scale\/f_auto,q_auto\/v1744632314\/CanCristofolIbiza_Shop_032\/CanCristofolIbiza_Shop_032.jpg?_i=AA 448w, https:\/\/res.cloudinary.com\/dd345nnhg\/images\/w_248,h_139,c_scale\/f_auto,q_auto\/v1744632314\/CanCristofolIbiza_Shop_032\/CanCristofolIbiza_Shop_032.jpg?_i=AA 248w\" sizes=\"(max-width: 960px) 100vw, 960px\" \/><\/span><\/figure><\/div>\n\n\n\n<div class=\"wp-block-stackable-heading stk-block-heading stk-block-heading--v2 stk-block stk-3718268\" id=\"organic-farm-shop\" data-block-id=\"3718268\"><h3 class=\"stk-block-heading__text\">Tienda Org\u00e1nica<\/h3><\/div>\n\n\n\n<div class=\"wp-block-stackable-text stk-block-text stk-block stk-111f877\" data-block-id=\"111f877\"><p class=\"stk-block-text__text\">Experimenta el sabor de la naturaleza con nuestros productos org\u00e1nicos de temporada. Nuestra tienda de la granja ofrece frutas, verduras, hierbas, flores y productos artesanales, todos cultivados con cuidado y compromiso con la sostenibilidad. <\/p><\/div>\n\n\n\n<div class=\"wp-block-stackable-button-group stk-block-button-group stk-block stk-e57d9ae\" data-block-id=\"e57d9ae\"><div class=\"stk-row stk-inner-blocks stk-block-content stk-button-group\">\n<div class=\"wp-block-stackable-button stk-block-button stk-block stk-178e5f5\" data-block-id=\"178e5f5\"><a class=\"stk-link stk-button stk--hover-effect-darken\" href=\"https:\/\/cancristofol.org\/es\/contact\/\"><span class=\"stk-button__inner-text\">Horario Apertura<\/span><\/a><\/div>\n<\/div><\/div>\n<\/div><\/div><\/div>\n\n\n\n<div class=\"wp-block-stackable-column stk-block-column stk-column stk-block stk-61a2782\" data-v=\"4\" data-block-id=\"61a2782\"><div class=\"stk-column-wrapper stk-block-column__content stk-container stk-61a2782-container stk-hover-parent\"><div class=\"stk-block-content stk-inner-blocks stk-61a2782-inner-blocks\">\n<div class=\"wp-block-stackable-image stk-block-image stk-block stk-08fe2a5\" data-block-id=\"08fe2a5\"><style>.stk-08fe2a5 {margin-bottom:27px !important;}.stk-08fe2a5 .stk-img-wrapper{width:100% !important;height:250px !important;}.stk-08fe2a5 .stk-img-wrapper img{border-radius:20px !important;}<\/style><figure><span class=\"stk-img-wrapper stk-image--shape-stretch\"><img width=\"540\" height=\"540\" data-public-id=\"CanCristofolIbiza_Shop_017\/CanCristofolIbiza_Shop_017.jpg\" loading=\"lazy\" decoding=\"async\" class=\"stk-img wp-post-1297 wp-image-67206\" src=\"https:\/\/res.cloudinary.com\/dd345nnhg\/images\/w_540,h_540,c_fill,g_auto\/f_auto,q_auto\/v1744632257\/CanCristofolIbiza_Shop_017\/CanCristofolIbiza_Shop_017.jpg?_i=AA\" data-format=\"jpg\" data-transformations=\"f_auto,q_auto\" data-version=\"1744632257\" data-seo=\"1\" data-responsive=\"1\" srcset=\"https:\/\/res.cloudinary.com\/dd345nnhg\/images\/w_540,h_540,c_fill,g_auto\/f_auto,q_auto\/v1744632257\/CanCristofolIbiza_Shop_017\/CanCristofolIbiza_Shop_017.jpg?_i=AA 540w, https:\/\/res.cloudinary.com\/dd345nnhg\/images\/w_448,h_448,c_fill,g_auto\/f_auto,q_auto\/v1744632257\/CanCristofolIbiza_Shop_017\/CanCristofolIbiza_Shop_017.jpg?_i=AA 448w, https:\/\/res.cloudinary.com\/dd345nnhg\/images\/w_248,h_248,c_fill,g_auto\/f_auto,q_auto\/v1744632257\/CanCristofolIbiza_Shop_017\/CanCristofolIbiza_Shop_017.jpg?_i=AA 248w\" sizes=\"(max-width: 540px) 100vw, 540px\" \/><\/span><\/figure><\/div>\n\n\n\n<div class=\"wp-block-stackable-heading stk-block-heading stk-block-heading--v2 stk-block stk-e6979d2\" id=\"serving-the-culinary-world\" data-block-id=\"e6979d2\"><h3 class=\"stk-block-heading__text\">Sirviendo al Mundo Culinario<\/h3><\/div>\n\n\n\n<div class=\"wp-block-stackable-text stk-block-text stk-block stk-a5310f3\" data-block-id=\"a5310f3\"><p class=\"stk-block-text__text\">We also offer a reliable and tailored supply service to private chefs and restaurants, ensuring they have access to the finest organic, fresh, and consistent ingredients and products.<\/p><\/div>\n\n\n\n<div class=\"wp-block-stackable-button-group stk-block-button-group stk-block stk-d63d60d\" data-block-id=\"d63d60d\"><div class=\"stk-row stk-inner-blocks stk-block-content stk-button-group\">\n<div class=\"wp-block-stackable-button stk-block-button stk-block stk-615422d\" data-block-id=\"615422d\"><a class=\"stk-link stk-button stk--hover-effect-darken\" href=\"https:\/\/cancristofol.org\/es\/contact\/\"><span class=\"stk-button__inner-text\">Contacto <\/span><\/a><\/div>\n<\/div><\/div>\n<\/div><\/div><\/div>\n<\/div><\/div>\n<\/div><\/div><\/div>\n<\/div><\/div>\n<\/div><\/div><\/div>\n<\/div><\/div>\n<\/div><\/div><\/div>\n<\/div><\/div>\n\n\n\n<p class=\"has-text-align-center\">Aqu\u00ed figuran algunos de los mejores restaurantes que utilizan nuestros productos. <\/p>\n\n\n\n<div class=\"wp-block-stackable-carousel stk-block-carousel stk--is-slide stk--arrows-justify-space-between stk--arrows-align-center stk-block stk-ceb512c\" data-slides-to-show=\"\" data-block-id=\"ceb512c\"><style>.stk-ceb512c {--gap:26px !important;}<\/style><div class=\"stk-block-carousel__content-wrapper\"><div class=\"stk-row stk-inner-blocks has-text-align-center stk-block-content stk-block-carousel__slider-wrapper stk-content-align stk-ceb512c-column\"><div class=\"stk-block-carousel__slider\" role=\"list\" data-autoplay=\"2500\" data-label-slide-of=\"Slide %%d of %%d\">\n<div class=\"wp-block-stackable-column stk-block-column stk-column stk-block stk-ce4c7a0\" data-v=\"4\" data-block-id=\"ce4c7a0\"><style>@media screen and (min-width:690px){.stk-ce4c7a0 {flex:var(--stk-flex-grow, 1) 1 calc(29.5% - var(--stk-column-gap, 0px) * 2 \/ 3 ) !important;}}<\/style><div class=\"stk-column-wrapper stk-block-column__content stk-container stk-ce4c7a0-container stk--no-background stk--no-padding\"><div class=\"stk-block-content stk-inner-blocks stk-ce4c7a0-inner-blocks\">\n<div class=\"wp-block-stackable-image stk-block-image stk-block stk-8a28f0a\" data-block-id=\"8a28f0a\"><style>.stk-8a28f0a .stk-img-wrapper{width:300px !important;}<\/style><figure><a class=\"stk-link\" href=\"https:\/\/www.nudoibiza.com\/\" target=\"_blank\" rel=\"noreferrer noopener\"><span class=\"stk-img-wrapper stk-image--shape-stretch\"><img width=\"916\" height=\"249\" data-public-id=\"nudologo\/nudologo.png\" loading=\"lazy\" decoding=\"async\" class=\"stk-img wp-post-1297 wp-image-60523\" src=\"https:\/\/res.cloudinary.com\/dd345nnhg\/images\/w_916,h_249,c_scale\/f_auto,q_auto\/v1744366431\/nudologo\/nudologo.png?_i=AA\" data-format=\"png\" data-transformations=\"f_auto,q_auto\" data-version=\"1744366431\" data-seo=\"1\" data-responsive=\"1\" srcset=\"https:\/\/res.cloudinary.com\/dd345nnhg\/images\/w_916,h_249,c_scale\/f_auto,q_auto\/v1744366431\/nudologo\/nudologo.png?_i=AA 916w, https:\/\/res.cloudinary.com\/dd345nnhg\/images\/w_848,h_230,c_scale\/f_auto,q_auto\/v1744366431\/nudologo\/nudologo.png?_i=AA 848w, https:\/\/res.cloudinary.com\/dd345nnhg\/images\/w_648,h_176,c_scale\/f_auto,q_auto\/v1744366431\/nudologo\/nudologo.png?_i=AA 648w, https:\/\/res.cloudinary.com\/dd345nnhg\/images\/w_448,h_121,c_scale\/f_auto,q_auto\/v1744366431\/nudologo\/nudologo.png?_i=AA 448w, https:\/\/res.cloudinary.com\/dd345nnhg\/images\/w_248,h_67,c_scale\/f_auto,q_auto\/v1744366431\/nudologo\/nudologo.png?_i=AA 248w\" sizes=\"(max-width: 916px) 100vw, 916px\" \/><\/span><\/a><\/figure><\/div>\n<\/div><\/div><\/div>\n\n\n\n<div class=\"wp-block-stackable-column stk-block-column stk-column stk-block stk-6c55f74\" data-v=\"4\" data-block-id=\"6c55f74\"><style>@media screen and (min-width:690px){.stk-6c55f74 {flex:var(--stk-flex-grow, 1) 1 calc(37.5% - var(--stk-column-gap, 0px) * 2 \/ 3 ) !important;}}<\/style><div class=\"stk-column-wrapper stk-block-column__content stk-container stk-6c55f74-container stk--no-background stk--no-padding\"><div class=\"stk-block-content stk-inner-blocks stk-6c55f74-inner-blocks\">\n<div class=\"wp-block-stackable-image stk-block-image stk-block stk-a1dc9ff\" data-block-id=\"a1dc9ff\"><style>.stk-a1dc9ff .stk-img-wrapper{width:300px !important;}<\/style><figure><a class=\"stk-link\" href=\"https:\/\/www.hambrerestaurant.com\/\" target=\"_blank\" rel=\"noreferrer noopener\"><span class=\"stk-img-wrapper stk-image--shape-stretch\"><img width=\"258\" height=\"89\" loading=\"lazy\" decoding=\"async\" class=\"stk-img wp-post-1297 wp-image-60522\" src=\"data:image\/svg+xml;base64,PHN2ZyB4bWxucz0iaHR0cDovL3d3dy53My5vcmcvMjAwMC9zdmciIHdpZHRoPSIyNTgiIGhlaWdodD0iODkiPjxyZWN0IHdpZHRoPSIxMDAlIiBoZWlnaHQ9IjEwMCUiPjxhbmltYXRlIGF0dHJpYnV0ZU5hbWU9ImZpbGwiIHZhbHVlcz0icmdiYSgxNTMsMTUzLDE1MywwLjUpO3JnYmEoMTUzLDE1MywxNTMsMC4xKTtyZ2JhKDE1MywxNTMsMTUzLDAuNSkiIGR1cj0iMnMiIHJlcGVhdENvdW50PSJpbmRlZmluaXRlIiAvPjwvcmVjdD48L3N2Zz4=\" data-public-id=\"hambrelogoPNG\/hambrelogoPNG.png\" data-format=\"png\" data-transformations=\"f_auto,q_auto\" data-version=\"1744366435\" data-seo=\"1\" data-responsive=\"1\" data-size=\"258 89\" data-delivery=\"upload\" onload=\";window.CLDBind?CLDBind(this):null;\" data-cloudinary=\"lazy\" \/><\/span><\/a><\/figure><\/div>\n<\/div><\/div><\/div>\n\n\n\n<div class=\"wp-block-stackable-column stk-block-column stk-column stk-block stk-4fd74fe\" data-v=\"4\" data-block-id=\"4fd74fe\"><style>@media screen and (min-width:690px){.stk-4fd74fe {flex:var(--stk-flex-grow, 1) 1 calc(33% - var(--stk-column-gap, 0px) * 2 \/ 3 ) !important;}}<\/style><div class=\"stk-column-wrapper stk-block-column__content stk-container stk-4fd74fe-container stk--no-background stk--no-padding\"><div class=\"stk-block-content stk-inner-blocks stk-4fd74fe-inner-blocks\">\n<div class=\"wp-block-stackable-image stk-block-image stk-block stk-db84c8c\" data-block-id=\"db84c8c\"><style>.stk-db84c8c .stk-img-wrapper{width:192px !important;}<\/style><figure><a class=\"stk-link\" href=\"https:\/\/www.restauranthigo.com\/\" target=\"_blank\" rel=\"noreferrer noopener\"><span class=\"stk-img-wrapper stk-image--shape-stretch\"><img width=\"192\" height=\"122\" loading=\"lazy\" decoding=\"async\" class=\"stk-img wp-post-1297 wp-image-60521\" src=\"data:image\/svg+xml;base64,PHN2ZyB4bWxucz0iaHR0cDovL3d3dy53My5vcmcvMjAwMC9zdmciIHdpZHRoPSIxOTIiIGhlaWdodD0iMTIyIj48cmVjdCB3aWR0aD0iMTAwJSIgaGVpZ2h0PSIxMDAlIj48YW5pbWF0ZSBhdHRyaWJ1dGVOYW1lPSJmaWxsIiB2YWx1ZXM9InJnYmEoMTUzLDE1MywxNTMsMC41KTtyZ2JhKDE1MywxNTMsMTUzLDAuMSk7cmdiYSgxNTMsMTUzLDE1MywwLjUpIiBkdXI9IjJzIiByZXBlYXRDb3VudD0iaW5kZWZpbml0ZSIgLz48L3JlY3Q+PC9zdmc+\" data-public-id=\"HIGONaamloos-22_edited\/HIGONaamloos-22_edited.png\" data-format=\"png\" data-transformations=\"f_auto,q_auto\" data-version=\"1744366428\" data-seo=\"1\" data-responsive=\"1\" data-size=\"192 122\" data-delivery=\"upload\" onload=\";window.CLDBind?CLDBind(this):null;\" data-cloudinary=\"lazy\" \/><\/span><\/a><\/figure><\/div>\n<\/div><\/div><\/div>\n<\/div><\/div><\/div><\/div>\n\n\n\n<div class=\"wp-block-stackable-columns stk-block-columns stk-block stk-5b14432\" data-block-id=\"5b14432\"><div class=\"stk-row stk-inner-blocks stk-block-content stk-content-align stk-5b14432-column\">\n<div class=\"wp-block-stackable-column stk-block-column stk-column stk-block stk-f7fa306\" data-v=\"4\" data-block-id=\"f7fa306\"><div class=\"stk-column-wrapper stk-block-column__content stk-container stk-f7fa306-container stk--no-background stk--no-padding\"><div class=\"stk-block-content stk-inner-blocks stk-f7fa306-inner-blocks\">\n<div class=\"tagembed-widget\" style=\"width:100%;height:100%\" data-widget-id=\"2158638\" data-tags=\"false\"  view-url=\"https:\/\/widget.tagembed.com\/2158638\"><\/div><script src=\"https:\/\/widget.tagembed.com\/embed.min.js\" type=\"text\/javascript\"><\/script>\n<\/div><\/div><\/div>\n<\/div><\/div>\n\n\n\n<div class=\"wp-block-stackable-spacer stk-block-spacer stk--no-padding stk-block stk-448670c\" data-block-id=\"448670c\"><style>.stk-448670c {height:50px !important;}@media screen and (max-width:999px){.stk-448670c {height:80px !important;}}<\/style><\/div>\n\n\n\n<div class=\"wp-block-stackable-columns alignfull stk-block-columns stk-block stk-51483c5 stk-block-background stk--has-background-overlay\" data-block-id=\"51483c5\"><style>.stk-51483c5 .stk--block-align-51483c5{align-items:center !important;}.stk-51483c5 {background-color:#000000 !important;background-image:url(https:\/\/res.cloudinary.com\/dd345nnhg\/images\/f_auto,q_auto\/v1740944921\/CanCristofolIbiza_087\/CanCristofolIbiza_087.jpg?_i=AA) !important;background-attachment:fixed !important;padding-top:150px !important;padding-bottom:150px !important;margin-bottom:0px !important;}.stk-51483c5:before{background-color:#000000 !important;opacity:0.2 !important;}.stk-51483c5-column{--stk-column-gap:35px !important;}@media screen and (max-width:999px){.stk-51483c5 {padding-top:100px !important;padding-bottom:100px !important;}}<\/style><div class=\"stk-row stk-inner-blocks stk--block-align-51483c5 stk-block-content stk-content-align stk-51483c5-column\">\n<div class=\"wp-block-stackable-column stk-block-column stk-column stk-block stk-6cfc4a8\" data-v=\"4\" data-block-id=\"6cfc4a8\"><style>.stk-6cfc4a8-container{margin-top:0px !important;margin-right:0px !important;margin-bottom:0px !important;margin-left:0px !important;}@media screen and (min-width:690px) and (max-width:999px){.stk-6cfc4a8 {flex:var(--stk-flex-grow, 1) 1 calc(100% - var(--stk-column-gap, 0px) * 0 \/ 1 ) !important;}}<\/style><div class=\"stk-column-wrapper stk-block-column__content stk-container stk-6cfc4a8-container stk--no-background stk--no-padding\"><div class=\"stk-block-content stk-inner-blocks stk-6cfc4a8-inner-blocks\">\n<div class=\"wp-block-stackable-text stk-block-text stk-block stk-488d65e\" data-block-id=\"488d65e\"><style>.stk-488d65e {margin-bottom:10px !important;}.stk-488d65e .stk-block-text__text{font-size:40px !important;color:var(--theme-palette-color-5, #edeff2) !important;font-weight:bold !important;font-family:\"Aboreto\", Sans-serif !important;}@media screen and (max-width:999px){.stk-488d65e .stk-block-text__text{font-size:40px !important;}}<\/style><p class=\"stk-block-text__text has-text-color has-palette-color-5-color has-text-align-center-mobile\">Participa<\/p><\/div>\n\n\n\n<div class=\"wp-block-stackable-divider stk-block-divider stk--hide-mobile has-text-align-left stk-block stk-dcead3d is-style-bar\" data-block-id=\"dcead3d\"><style>.stk-dcead3d hr.stk-block-divider__hr{background:var(--theme-palette-color-1, #ffcd05) !important;border-radius:calc(4px \/ 2) !important;height:4px !important;width:17% !important;}.stk-dcead3d {margin-bottom:15px !important;}<\/style><hr class=\"stk-block-divider__hr\"\/><\/div>\n\n\n\n<div class=\"wp-block-stackable-heading stk-block-heading stk-block-heading--v2 stk-block stk-954caba\" id=\"what-we-share-grows-br-what-we-grow-we-share\" data-block-id=\"954caba\"><style>.stk-954caba {margin-bottom:20px !important;}.stk-954caba .stk-block-heading__text{font-size:30px !important;color:var(--theme-palette-color-8, #ffffff) !important;line-height:1.2em !important;}@media screen and (max-width:999px){.stk-954caba .stk-block-heading__text{font-size:40px !important;}}<\/style><h3 class=\"stk-block-heading__text has-text-color has-palette-color-8-color has-text-align-center-mobile\">Lo que compartimos, crece. <br>Lo que cultivamos, compartimos.<\/h3><\/div>\n\n\n\n<div class=\"wp-block-stackable-text stk-block-text stk-block stk-35e8da2\" data-block-id=\"35e8da2\"><style>.stk-35e8da2 {margin-bottom:40px !important;}.stk-35e8da2 .stk-block-text__text{color:var(--theme-palette-color-5, #edeff2) !important;}<\/style><p class=\"stk-block-text__text has-text-color has-palette-color-5-color has-text-align-center-mobile\">Descubre oportunidades de colaboraci\u00f3n.<\/p><\/div>\n\n\n\n<div class=\"wp-block-stackable-button-group stk-block-button-group stk-block stk-2fdae91\" data-block-id=\"2fdae91\"><div class=\"stk-row stk-inner-blocks has-text-align-center-mobile stk-block-content stk-button-group\">\n<div class=\"wp-block-stackable-button stk-block-button stk-block stk-273f1be\" data-block-id=\"273f1be\"><style>.stk-273f1be .stk-button{padding-top:12px !important;padding-right:30px !important;padding-bottom:12px !important;padding-left:30px !important;background:var(--theme-palette-color-2, #f7b500) !important;border-top-left-radius:3px !important;border-top-right-radius:3px !important;border-bottom-right-radius:3px !important;border-bottom-left-radius:3px !important;}.stk-273f1be .stk-button__inner-text{font-size:1.15em !important;color:var(--theme-palette-color-7, #FDFDFD) !important;}@media screen and (max-width:999px){.stk-273f1be .stk-button__inner-text{font-size:1.15em !important;}}<\/style><a class=\"stk-link stk-button stk--hover-effect-darken\" href=\"https:\/\/cancristofol.org\/es\/volunteer\/\"><span class=\"has-text-color has-palette-color-4-color stk-button__inner-text\">M\u00e1s info<\/span><\/a><\/div>\n<\/div><\/div>\n<\/div><\/div><\/div>\n\n\n\n<div class=\"wp-block-stackable-column stk-block-column stk-column stk-block stk-54ec8b1\" data-v=\"4\" data-block-id=\"54ec8b1\"><style>.stk-54ec8b1-container{margin-top:0px !important;margin-right:0px !important;margin-bottom:0px !important;margin-left:0px !important;}@media screen and (min-width:690px) and (max-width:999px){.stk-54ec8b1 {flex:var(--stk-flex-grow, 1) 1 calc(50% - var(--stk-column-gap, 0px) * 0 \/ 1 ) !important;}}<\/style><div class=\"stk-column-wrapper stk-block-column__content stk-container stk-54ec8b1-container stk--no-background stk--no-padding\"><div class=\"stk-block-content stk-inner-blocks stk-54ec8b1-inner-blocks\"><\/div><\/div><\/div>\n<\/div><\/div>","protected":false},"excerpt":{"rendered":"<p>At our farm shop, we bring the best of nature straight to your table, offering seasonal, organic produce that\u2019s grown with care for both the environment and your well-being. Whether [&hellip;]<\/p>\n","protected":false},"author":1,"featured_media":40395,"parent":0,"menu_order":0,"comment_status":"closed","ping_status":"closed","template":"","meta":{"give_campaign_id":0,"_price":"","_stock":"","_tribe_ticket_header":"","_tribe_default_ticket_provider":"","_tribe_ticket_capacity":"0","_ticket_start_date":"","_ticket_end_date":"","_tribe_ticket_show_description":"","_tribe_ticket_show_not_going":false,"_tribe_ticket_use_global_stock":"","_tribe_ticket_global_stock_level":"","_global_stock_mode":"","_global_stock_cap":"","_tribe_rsvp_for_event":"","_tribe_ticket_going_count":"","_tribe_ticket_not_going_count":"","_tribe_tickets_list":"[]","_tribe_ticket_has_attendee_info_fields":false,"_EventAllDay":false,"_EventTimezone":"","_EventStartDate":"","_EventEndDate":"","_EventStartDateUTC":"","_EventEndDateUTC":"","_EventShowMap":false,"_EventShowMapLink":false,"_EventURL":"","_EventCost":"","_EventCostDescription":"","_EventCurrencySymbol":"","_EventCurrencyCode":"","_EventCurrencyPosition":"","_EventDateTimeSeparator":"","_EventTimeRangeSeparator":"","_EventOrganizerID":[],"_EventVenueID":[],"_OrganizerEmail":"","_OrganizerPhone":"","_OrganizerWebsite":"","_VenueAddress":"","_VenueCity":"","_VenueCountry":"","_VenueProvince":"","_VenueState":"","_VenueZip":"","_VenuePhone":"","_VenueURL":"","_VenueStateProvince":"","_VenueLat":"","_VenueLng":"","_VenueShowMap":false,"_VenueShowMapLink":false,"_cloudinary_featured_overwrite":false,"footnotes":"","_tec_slr_enabled":"","_tec_slr_layout":""},"class_list":["post-1297","page","type-page","status-publish","has-post-thumbnail","hentry"],"blocksy_meta":[],"campaignId":"","ticketed":false,"_links":{"self":[{"href":"https:\/\/cancristofol.org\/es\/wp-json\/wp\/v2\/pages\/1297","targetHints":{"allow":["GET"]}}],"collection":[{"href":"https:\/\/cancristofol.org\/es\/wp-json\/wp\/v2\/pages"}],"about":[{"href":"https:\/\/cancristofol.org\/es\/wp-json\/wp\/v2\/types\/page"}],"author":[{"embeddable":true,"href":"https:\/\/cancristofol.org\/es\/wp-json\/wp\/v2\/users\/1"}],"replies":[{"embeddable":true,"href":"https:\/\/cancristofol.org\/es\/wp-json\/wp\/v2\/comments?post=1297"}],"version-history":[{"count":30,"href":"https:\/\/cancristofol.org\/es\/wp-json\/wp\/v2\/pages\/1297\/revisions"}],"predecessor-version":[{"id":86315,"href":"https:\/\/cancristofol.org\/es\/wp-json\/wp\/v2\/pages\/1297\/revisions\/86315"}],"wp:featuredmedia":[{"embeddable":true,"href":"https:\/\/cancristofol.org\/es\/wp-json\/wp\/v2\/media\/40395"}],"wp:attachment":[{"href":"https:\/\/cancristofol.org\/es\/wp-json\/wp\/v2\/media?parent=1297"}],"curies":[{"name":"wp","href":"https:\/\/api.w.org\/{rel}","templated":true}]}}